{"id":102,"date":"2022-12-18T18:27:31","date_gmt":"2022-12-18T21:27:31","guid":{"rendered":"https:\/\/lojasampa.marcusviniciusdev.com.br\/?post_type=product&#038;p=102"},"modified":"2022-12-18T18:38:06","modified_gmt":"2022-12-18T21:38:06","slug":"pneu-aro-14-goodyear-175-70r14-88t-direction-touring","status":"publish","type":"product","link":"https:\/\/lojasampa.marcusviniciusdev.com.br\/index.php\/produto\/pneu-aro-14-goodyear-175-70r14-88t-direction-touring\/","title":{"rendered":"Pneu Aro 14\u201d Goodyear 175\/70R14 88T \u2013 Direction Touring"},"content":{"rendered":"<p>O pneu da linha Direction Touring &#8211;<br \/>\n175\/70R14 88T, \u00e9 ideal para voc\u00ea que<br \/>\nbusca um produto com \u00f3tima qualidade,<br \/>\ncusto benef\u00edcio e seguran\u00e7a! Conta com<br \/>\nestrutura em borracha super resistente, aro<br \/>\n14&#8221; e medida 175\/70R14 tornando-o ainda<br \/>\nmais \u00fatil. Seus sulcos transversais e<br \/>\nlongitunais mais largos, aderem melhor ao<br \/>\npiso molhado proporcionando total<br \/>\nseguran\u00e7a \u00e1 voc\u00ea e sua fam\u00edlia. O mesmo<br \/>\nfoi desenvolvido especialmente para carros<br \/>\ncomo Gol, Voyage e Saveiro. A marca<br \/>\nGoodyear d\u00e1 um show quando o requisito \u00e9<br \/>\nqualidade!<\/p>\n","protected":false},"excerpt":{"rendered":"<p>O pneu da linha Direction Touring &#8211;<br \/>\n175\/70R14 88T, \u00e9 ideal para voc\u00ea que<br \/>\nbusca um produto com \u00f3tima qualidade,<br \/>\ncusto benef\u00edcio e seguran\u00e7a! Conta com<br \/>\nestrutura em borracha super resistente, aro<br \/>\n14&#8221; e medida 175\/70R14 tornando-o ainda<br \/>\nmais \u00fatil<\/p>\n","protected":false},"featured_media":26,"comment_status":"open","ping_status":"closed","template":"","meta":[],"product_cat":[18],"product_tag":[34,32,30,31,29],"_links":{"self":[{"href":"https:\/\/lojasampa.marcusviniciusdev.com.br\/index.php\/wp-json\/wp\/v2\/product\/102"}],"collection":[{"href":"https:\/\/lojasampa.marcusviniciusdev.com.br\/index.php\/wp-json\/wp\/v2\/product"}],"about":[{"href":"https:\/\/lojasampa.marcusviniciusdev.com.br\/index.php\/wp-json\/wp\/v2\/types\/product"}],"replies":[{"embeddable":true,"href":"https:\/\/lojasampa.marcusviniciusdev.com.br\/index.php\/wp-json\/wp\/v2\/comments?post=102"}],"wp:featuredmedia":[{"embeddable":true,"href":"https:\/\/lojasampa.marcusviniciusdev.com.br\/index.php\/wp-json\/wp\/v2\/media\/26"}],"wp:attachment":[{"href":"https:\/\/lojasampa.marcusviniciusdev.com.br\/index.php\/wp-json\/wp\/v2\/media?parent=102"}],"wp:term":[{"taxonomy":"product_cat","embeddable":true,"href":"https:\/\/lojasampa.marcusviniciusdev.com.br\/index.php\/wp-json\/wp\/v2\/product_cat?post=102"},{"taxonomy":"product_tag","embeddable":true,"href":"https:\/\/lojasampa.marcusviniciusdev.com.br\/index.php\/wp-json\/wp\/v2\/product_tag?post=102"}],"curies":[{"name":"wp","href":"https:\/\/api.w.org\/{rel}","templated":true}]}}