{"id":105,"date":"2022-12-18T18:37:37","date_gmt":"2022-12-18T21:37:37","guid":{"rendered":"https:\/\/lojasampa.marcusviniciusdev.com.br\/?post_type=product&#038;p=105"},"modified":"2022-12-18T18:46:25","modified_gmt":"2022-12-18T21:46:25","slug":"central-multimidia-pioneer-mvh-g218bt-lcd-62-touch-bluetooth-usb-auxiliar","status":"publish","type":"product","link":"https:\/\/lojasampa.marcusviniciusdev.com.br\/index.php\/produto\/central-multimidia-pioneer-mvh-g218bt-lcd-62-touch-bluetooth-usb-auxiliar\/","title":{"rendered":"Central Multim\u00eddia  Pioneer MVH-G218BT  LCD 6,2\u201d &#8211; Touch  Bluetooth USB Auxiliar"},"content":{"rendered":"<p>Central Multim\u00eddia Pioneer MVH-G218BT<br \/>\nLCD 6,2\u201d &#8211; Touch Bluetooth USB Auxiliar<br \/>\nTenha tecnologia e eleg\u00e2ncia unidos em um<br \/>\nproduto \u00e9 com a central multim\u00eddia Pioneer<br \/>\nMVH-G218BT. Sua elegante tela LCD<br \/>\nTouch Screen de 6,2&#8243; garante um visual<br \/>\nmoderno e acesso \u00e0s funcionalidades nas<br \/>\npontas dos dedos, de forma pr\u00e1tica e<br \/>\nintuitiva. Conta com entrada auxiliar e USB<br \/>\npara reprodu\u00e7\u00e3o de m\u00fasicas, al\u00e9m de<br \/>\nBluetooth, que permite fazer e atender<br \/>\nliga\u00e7\u00f5es, evitando acidentes e multas. Se<br \/>\npreferir, voc\u00ea tamb\u00e9m pode incrementar<br \/>\nseu sistema ainda mais, atrav\u00e9s da entrada<br \/>\npara comando do volante e entrada para<br \/>\nc\u00e2mera de r\u00e9, para realizar manobras com<br \/>\nmuito conforto e comodidade. E olha s\u00f3<br \/>\nque legal, voc\u00ea consegue personalizar o<br \/>\npapel de parede da tela LCD e ainda d\u00e1 pra<br \/>\ndeixar o display OFF. O modelo ainda<br \/>\nconta com r\u00e1dio AM\/FM com mem\u00f3ria de<br \/>\nesta\u00e7\u00f5es. E o melhor, \u00e9 que voc\u00ea vai ter um<br \/>\nsom de qualidade no seu carro, j\u00e1 que conta<br \/>\ncom equalizador gr\u00e1fico de 7 bandas e Bass<br \/>\nBoost, que refor\u00e7a os graves.ATEN\u00c7\u00c3O:<br \/>\nEste produto n\u00e3o \u00e9 um DVD Automotivo<\/p>\n","protected":false},"excerpt":{"rendered":"<p>Central Multim\u00eddia Pioneer MVH-G218BT<br \/>\nLCD 6,2\u201d &#8211; Touch Bluetooth USB Auxiliar<br \/>\nTenha tecnologia e eleg\u00e2ncia unidos em um<br \/>\nproduto \u00e9 com a central multim\u00eddia Pioneer<br \/>\nMVH-G218BT. Sua elegante tela LCD<br \/>\nTouch Screen de 6,2&#8243;<\/p>\n","protected":false},"featured_media":28,"comment_status":"open","ping_status":"closed","template":"","meta":[],"product_cat":[18],"product_tag":[33,34,32,40,38,35,37,36,39],"_links":{"self":[{"href":"https:\/\/lojasampa.marcusviniciusdev.com.br\/index.php\/wp-json\/wp\/v2\/product\/105"}],"collection":[{"href":"https:\/\/lojasampa.marcusviniciusdev.com.br\/index.php\/wp-json\/wp\/v2\/product"}],"about":[{"href":"https:\/\/lojasampa.marcusviniciusdev.com.br\/index.php\/wp-json\/wp\/v2\/types\/product"}],"replies":[{"embeddable":true,"href":"https:\/\/lojasampa.marcusviniciusdev.com.br\/index.php\/wp-json\/wp\/v2\/comments?post=105"}],"wp:featuredmedia":[{"embeddable":true,"href":"https:\/\/lojasampa.marcusviniciusdev.com.br\/index.php\/wp-json\/wp\/v2\/media\/28"}],"wp:attachment":[{"href":"https:\/\/lojasampa.marcusviniciusdev.com.br\/index.php\/wp-json\/wp\/v2\/media?parent=105"}],"wp:term":[{"taxonomy":"product_cat","embeddable":true,"href":"https:\/\/lojasampa.marcusviniciusdev.com.br\/index.php\/wp-json\/wp\/v2\/product_cat?post=105"},{"taxonomy":"product_tag","embeddable":true,"href":"https:\/\/lojasampa.marcusviniciusdev.com.br\/index.php\/wp-json\/wp\/v2\/product_tag?post=105"}],"curies":[{"name":"wp","href":"https:\/\/api.w.org\/{rel}","templated":true}]}}