{"id":107,"date":"2022-12-18T18:45:52","date_gmt":"2022-12-18T21:45:52","guid":{"rendered":"https:\/\/lojasampa.marcusviniciusdev.com.br\/?post_type=product&#038;p=107"},"modified":"2022-12-18T18:50:22","modified_gmt":"2022-12-18T21:50:22","slug":"central-multimidia-pioneer-mvh-s618bt-lcd-bluetooth-usb-auxilia","status":"publish","type":"product","link":"https:\/\/lojasampa.marcusviniciusdev.com.br\/index.php\/produto\/central-multimidia-pioneer-mvh-s618bt-lcd-bluetooth-usb-auxilia\/","title":{"rendered":"Central Multim\u00eddia  Pioneer MVH-S618BT  LCD &#8211; Bluetooth USB  Auxiliar"},"content":{"rendered":"<p>Central Multim\u00eddia Pioneer MVH-S618BT<br \/>\nLCD &#8211; Bluetooth USB Auxiliar<br \/>\nA Central Multim\u00eddia MVH-S618BT da<br \/>\nPioneer, est\u00e1 com o formato 2-Din, para<br \/>\nquem quer se conectar sem abrir m\u00e3o do<\/p>\n<p>design. O aparelho conta com tela LCD,<br \/>\nr\u00e1dio AM\/FM, 01 entrada USB, 01 Auxiliar<br \/>\ne ainda acompanha moldura para instala\u00e7\u00e3o<br \/>\nespecial de 200mm. Al\u00e9m de elegante, tem<br \/>\ntamb\u00e9m, conex\u00e3o Bluetooth 4.0, que<br \/>\npermite fazer e receber chamadas sem usar<br \/>\nas m\u00e3os enquanto dirige, otimizando a<br \/>\nseguran\u00e7a sem deixar passar nenhum<br \/>\nassunto importante. Al\u00e9m disso, ele<br \/>\ntamb\u00e9m permite reproduzir suas playlists<br \/>\ndo Spotify e ainda possibilita controlar as<br \/>\nfun\u00e7\u00f5es de \u00e1udio atrav\u00e9s do aplicativo<br \/>\nPioneer ARC, o controle remoto digital do<br \/>\nseu Media Receiver, dispon\u00edvel para<br \/>\nusu\u00e1rios de smartphones Android e iPhone.<br \/>\nOutro destaque \u00e9 a tecnologia Mixtrax, que<br \/>\nfunciona como um DJ, criando efeitos entre<br \/>\nas m\u00fasicas para que sejam reproduzidas<br \/>\nsem pausa entre as faixas, assim voc\u00ea pode<br \/>\naproveitar muito mais cada km com seu<br \/>\nPioneer.ATEN\u00c7\u00c3O: Alguns recursos ou<br \/>\nfun\u00e7\u00f5es podem ser limitados em certos<br \/>\naparelhos. Recomendamos consultar o<br \/>\nfabricante do celular e\/ou testar a<br \/>\ncompatibilidade entre os aparelhos antes da<br \/>\ncompra.ESSE MODELO N\u00c3O POSSUI<br \/>\nLEITOR DE CD\/DVD.<\/p>\n","protected":false},"excerpt":{"rendered":"<p>Central Multim\u00eddia Pioneer MVH-S618BT<br \/>\nLCD &#8211; Bluetooth USB Auxiliar<br \/>\nA Central Multim\u00eddia MVH-S618BT da<br \/>\nPioneer, est\u00e1 com o formato 2-Din, para<br \/>\nquem quer se conectar sem abrir m\u00e3o do design.<\/p>\n","protected":false},"featured_media":29,"comment_status":"open","ping_status":"closed","template":"","meta":[],"product_cat":[18],"product_tag":[33,34,32,38,35,37,36,39],"_links":{"self":[{"href":"https:\/\/lojasampa.marcusviniciusdev.com.br\/index.php\/wp-json\/wp\/v2\/product\/107"}],"collection":[{"href":"https:\/\/lojasampa.marcusviniciusdev.com.br\/index.php\/wp-json\/wp\/v2\/product"}],"about":[{"href":"https:\/\/lojasampa.marcusviniciusdev.com.br\/index.php\/wp-json\/wp\/v2\/types\/product"}],"replies":[{"embeddable":true,"href":"https:\/\/lojasampa.marcusviniciusdev.com.br\/index.php\/wp-json\/wp\/v2\/comments?post=107"}],"wp:featuredmedia":[{"embeddable":true,"href":"https:\/\/lojasampa.marcusviniciusdev.com.br\/index.php\/wp-json\/wp\/v2\/media\/29"}],"wp:attachment":[{"href":"https:\/\/lojasampa.marcusviniciusdev.com.br\/index.php\/wp-json\/wp\/v2\/media?parent=107"}],"wp:term":[{"taxonomy":"product_cat","embeddable":true,"href":"https:\/\/lojasampa.marcusviniciusdev.com.br\/index.php\/wp-json\/wp\/v2\/product_cat?post=107"},{"taxonomy":"product_tag","embeddable":true,"href":"https:\/\/lojasampa.marcusviniciusdev.com.br\/index.php\/wp-json\/wp\/v2\/product_tag?post=107"}],"curies":[{"name":"wp","href":"https:\/\/api.w.org\/{rel}","templated":true}]}}