{"id":110,"date":"2022-12-18T18:56:46","date_gmt":"2022-12-18T21:56:46","guid":{"rendered":"https:\/\/lojasampa.marcusviniciusdev.com.br\/?post_type=product&#038;p=110"},"modified":"2022-12-19T19:32:52","modified_gmt":"2022-12-19T22:32:52","slug":"cadeira-para-auto-reclinavel-cosco-avant-3-posicoes-altura-regulavel-para-criancas-ate-25kg","status":"publish","type":"product","link":"https:\/\/lojasampa.marcusviniciusdev.com.br\/index.php\/produto\/cadeira-para-auto-reclinavel-cosco-avant-3-posicoes-altura-regulavel-para-criancas-ate-25kg\/","title":{"rendered":"Cadeira para Auto  Reclin\u00e1vel Cosco Avant &#8211; 3 Posi\u00e7\u00f5es Altura  Regul\u00e1vel para Crian\u00e7as  at\u00e9 25kg"},"content":{"rendered":"<p>A Cadeira para Auto Avant Cosco \u00e9<br \/>\nreclin\u00e1vel em 03 posi\u00e7\u00f5es: 01 posi\u00e7\u00e3o super<br \/>\nreclinada virada contra o motorista para os<br \/>\nrec\u00e9m-nascidos e mais 02 posi\u00e7\u00f5es para as<br \/>\noutras fases; possui instala\u00e7\u00e3o de frente e<br \/>\nde costas para o movimento. Pensando no<br \/>\nconforto da crian\u00e7a, a cadeirinha conta com<br \/>\naltura regul\u00e1vel para o apoio de cabe\u00e7a e<br \/>\nprotetores para ombros, al\u00e9m de almofadas<br \/>\nredutoras super acolchoadas. Para garantir a<br \/>\nseguran\u00e7a, a cadeirinha que \u00e9 indicada para<br \/>\ncrian\u00e7as de at\u00e9 25Kg, tamb\u00e9m possui cinto<br \/>\nde seguran\u00e7a de 05 pontos, mais as<br \/>\npassagens para os cintos do ve\u00edculos<br \/>\nclaramente identificadas. Seguran\u00e7a,<br \/>\nqualidade e conforto para seu pequeno, em<br \/>\num s\u00f3 produto!<\/p>\n","protected":false},"excerpt":{"rendered":"<p>A Cadeira para Auto Avant Cosco \u00e9<br \/>\nreclin\u00e1vel em 03 posi\u00e7\u00f5es: 01 posi\u00e7\u00e3o super<br \/>\nreclinada virada contra o motorista para os<br \/>\nrec\u00e9m-nascidos e mais 02 posi\u00e7\u00f5es para as<br \/>\noutras fases; possui instala\u00e7\u00e3o de frente e<br \/>\nde costas para o movimento.<\/p>\n","protected":false},"featured_media":40,"comment_status":"open","ping_status":"closed","template":"","meta":[],"product_cat":[18,19],"product_tag":[46,33,34,42,44,32,43,45],"_links":{"self":[{"href":"https:\/\/lojasampa.marcusviniciusdev.com.br\/index.php\/wp-json\/wp\/v2\/product\/110"}],"collection":[{"href":"https:\/\/lojasampa.marcusviniciusdev.com.br\/index.php\/wp-json\/wp\/v2\/product"}],"about":[{"href":"https:\/\/lojasampa.marcusviniciusdev.com.br\/index.php\/wp-json\/wp\/v2\/types\/product"}],"replies":[{"embeddable":true,"href":"https:\/\/lojasampa.marcusviniciusdev.com.br\/index.php\/wp-json\/wp\/v2\/comments?post=110"}],"wp:featuredmedia":[{"embeddable":true,"href":"https:\/\/lojasampa.marcusviniciusdev.com.br\/index.php\/wp-json\/wp\/v2\/media\/40"}],"wp:attachment":[{"href":"https:\/\/lojasampa.marcusviniciusdev.com.br\/index.php\/wp-json\/wp\/v2\/media?parent=110"}],"wp:term":[{"taxonomy":"product_cat","embeddable":true,"href":"https:\/\/lojasampa.marcusviniciusdev.com.br\/index.php\/wp-json\/wp\/v2\/product_cat?post=110"},{"taxonomy":"product_tag","embeddable":true,"href":"https:\/\/lojasampa.marcusviniciusdev.com.br\/index.php\/wp-json\/wp\/v2\/product_tag?post=110"}],"curies":[{"name":"wp","href":"https:\/\/api.w.org\/{rel}","templated":true}]}}