{"id":111,"date":"2022-12-18T18:59:43","date_gmt":"2022-12-18T21:59:43","guid":{"rendered":"https:\/\/lojasampa.marcusviniciusdev.com.br\/?post_type=product&#038;p=111"},"modified":"2022-12-18T19:02:29","modified_gmt":"2022-12-18T22:02:29","slug":"troninho-infantil-prime-baby-fazenda","status":"publish","type":"product","link":"https:\/\/lojasampa.marcusviniciusdev.com.br\/index.php\/produto\/troninho-infantil-prime-baby-fazenda\/","title":{"rendered":"Troninho Infantil Prime  Baby &#8211; Fazenda"},"content":{"rendered":"<p>O Troninho Fazenda Musical \u00e9 mais uma<br \/>\nideia pr\u00e1tica e inovadora da Prime Baby<br \/>\npara o dia a dia da mam\u00e3e com o beb\u00ea. Seu<br \/>\ndesign l\u00fadico facilita a transi\u00e7\u00e3o das fraldas<br \/>\ndescart\u00e1veis para o uso do vaso sanit\u00e1rio.<br \/>\nElaborado em material de alta resist\u00eancia e<br \/>\nqualidade, \u00e9 extremamente simples de<br \/>\nhigienizar ap\u00f3s o uso, j\u00e1 que o reservat\u00f3rio<br \/>\n\u00e9 remov\u00edvel.<\/p>\n","protected":false},"excerpt":{"rendered":"<p>Elaborado em material de alta resist\u00eancia e<br \/>\nqualidade, \u00e9 extremamente simples de<br \/>\nhigienizar ap\u00f3s o uso, j\u00e1 que o reservat\u00f3rio<br \/>\n\u00e9 remov\u00edvel.<\/p>\n","protected":false},"featured_media":43,"comment_status":"open","ping_status":"closed","template":"","meta":[],"product_cat":[19,22,24],"product_tag":[49,51,52,42,44,47,43,50,48],"_links":{"self":[{"href":"https:\/\/lojasampa.marcusviniciusdev.com.br\/index.php\/wp-json\/wp\/v2\/product\/111"}],"collection":[{"href":"https:\/\/lojasampa.marcusviniciusdev.com.br\/index.php\/wp-json\/wp\/v2\/product"}],"about":[{"href":"https:\/\/lojasampa.marcusviniciusdev.com.br\/index.php\/wp-json\/wp\/v2\/types\/product"}],"replies":[{"embeddable":true,"href":"https:\/\/lojasampa.marcusviniciusdev.com.br\/index.php\/wp-json\/wp\/v2\/comments?post=111"}],"wp:featuredmedia":[{"embeddable":true,"href":"https:\/\/lojasampa.marcusviniciusdev.com.br\/index.php\/wp-json\/wp\/v2\/media\/43"}],"wp:attachment":[{"href":"https:\/\/lojasampa.marcusviniciusdev.com.br\/index.php\/wp-json\/wp\/v2\/media?parent=111"}],"wp:term":[{"taxonomy":"product_cat","embeddable":true,"href":"https:\/\/lojasampa.marcusviniciusdev.com.br\/index.php\/wp-json\/wp\/v2\/product_cat?post=111"},{"taxonomy":"product_tag","embeddable":true,"href":"https:\/\/lojasampa.marcusviniciusdev.com.br\/index.php\/wp-json\/wp\/v2\/product_tag?post=111"}],"curies":[{"name":"wp","href":"https:\/\/api.w.org\/{rel}","templated":true}]}}