{"id":112,"date":"2022-12-18T19:05:13","date_gmt":"2022-12-18T22:05:13","guid":{"rendered":"https:\/\/lojasampa.marcusviniciusdev.com.br\/?post_type=product&#038;p=112"},"modified":"2022-12-18T19:05:14","modified_gmt":"2022-12-18T22:05:14","slug":"smartphone-samsung-galaxy-s9-128gb-preto-4g-4gb-ram-tela-5-8-cam-12mp-cam-selfie-8mp","status":"publish","type":"product","link":"https:\/\/lojasampa.marcusviniciusdev.com.br\/index.php\/produto\/smartphone-samsung-galaxy-s9-128gb-preto-4g-4gb-ram-tela-5-8-cam-12mp-cam-selfie-8mp\/","title":{"rendered":"Smartphone Samsung  Galaxy S9 128GB Preto  4G &#8211; 4GB RAM Tela  5.8\u201d C\u00e2m. 12MP + C\u00e2m.  Selfie 8MP"},"content":{"rendered":"<p>Aproveite para expandir a sua vis\u00e3o de<br \/>\nmundo com o display infinito do Samsung<br \/>\nGalaxy S9 e sua tela Dual Edge sAMOLED<br \/>\nde 5,8&#8221;. Seja seu estilo moderno e arrojado<br \/>\nou cl\u00e1ssico, esse \u00e9 o smartphone que vai<br \/>\ncasar com o seu estilo.Capture imagens<br \/>\nimpressionantes em plena luz do dia ou<br \/>\ncom pouqu\u00edssima luz gra\u00e7as \u00e0 sua lente de<br \/>\nabertura dupla da c\u00e2mera traseira de 12MP,<br \/>\nsempre se adequando ao olho humano. Ela<br \/>\nvai te dar sempre uma foto brilhante e clara.<br \/>\nE n\u00e3o para por a\u00ed: ela vem equipada com a<br \/>\ntecnologia Super Slow Motion Dual Pixel,<br \/>\ntransformando momentos cotidianos em<\/p>\n<p>\u00e9picos. J\u00e1 a sua c\u00e2mera frontal possui 8MP<br \/>\ncom auto-focus, dando a voc\u00ea apenas o<br \/>\ntrabalho de clicar a foto.E essas n\u00e3o s\u00e3o as<br \/>\n\u00fanicas novidades da c\u00e2mera. Agora, ela<br \/>\npode transformar voc\u00ea em um emoji, onde<br \/>\nvoc\u00ea cria uma vers\u00e3o animada de voc\u00ea<br \/>\nmesmo simplesmente fazendo uma selfie. E<br \/>\nvoc\u00ea tamb\u00e9m pode fazer adesivos<br \/>\nmostrando as suas emo\u00e7\u00f5es e compartilhar<br \/>\ncom os seus amigos. E ela pode te dar<br \/>\ntradu\u00e7\u00f5es simult\u00e2neas quando voc\u00ea<br \/>\nprecisa.E o seu S9 topa qualquer parada:<br \/>\nele possui certificado IP68, o que o torna<br \/>\nresistente \u00e0 poeira e \u00e0 respingos de \u00e1gua,<br \/>\nn\u00e3o te deixando na m\u00e3o em nenhuma<br \/>\nsitua\u00e7\u00e3o. Tudo isso, aliado aos 128GB de<br \/>\nmem\u00f3ria, os 4GB de RAM e um<br \/>\nprocessador octa-core 2,8Ghz, prova que o<br \/>\nS9 \u00e9 o seu pr\u00f3ximo smartphone.<\/p>\n","protected":false},"excerpt":{"rendered":"<p>Samsung<br \/>\nGalaxy S9 e sua tela Dual Edge sAMOLED<br \/>\nde 5,8&#8221;. Seja seu estilo moderno e arrojado<br \/>\nou cl\u00e1ssico, esse \u00e9 o smartphone que vai<br \/>\ncasar com o seu estilo<\/p>\n","protected":false},"featured_media":46,"comment_status":"open","ping_status":"closed","template":"","meta":[],"product_cat":[20],"product_tag":[53,57,58,56,54,55],"_links":{"self":[{"href":"https:\/\/lojasampa.marcusviniciusdev.com.br\/index.php\/wp-json\/wp\/v2\/product\/112"}],"collection":[{"href":"https:\/\/lojasampa.marcusviniciusdev.com.br\/index.php\/wp-json\/wp\/v2\/product"}],"about":[{"href":"https:\/\/lojasampa.marcusviniciusdev.com.br\/index.php\/wp-json\/wp\/v2\/types\/product"}],"replies":[{"embeddable":true,"href":"https:\/\/lojasampa.marcusviniciusdev.com.br\/index.php\/wp-json\/wp\/v2\/comments?post=112"}],"wp:featuredmedia":[{"embeddable":true,"href":"https:\/\/lojasampa.marcusviniciusdev.com.br\/index.php\/wp-json\/wp\/v2\/media\/46"}],"wp:attachment":[{"href":"https:\/\/lojasampa.marcusviniciusdev.com.br\/index.php\/wp-json\/wp\/v2\/media?parent=112"}],"wp:term":[{"taxonomy":"product_cat","embeddable":true,"href":"https:\/\/lojasampa.marcusviniciusdev.com.br\/index.php\/wp-json\/wp\/v2\/product_cat?post=112"},{"taxonomy":"product_tag","embeddable":true,"href":"https:\/\/lojasampa.marcusviniciusdev.com.br\/index.php\/wp-json\/wp\/v2\/product_tag?post=112"}],"curies":[{"name":"wp","href":"https:\/\/api.w.org\/{rel}","templated":true}]}}