{"id":113,"date":"2022-12-18T19:08:35","date_gmt":"2022-12-18T22:08:35","guid":{"rendered":"https:\/\/lojasampa.marcusviniciusdev.com.br\/?post_type=product&#038;p=113"},"modified":"2022-12-18T19:08:35","modified_gmt":"2022-12-18T22:08:35","slug":"iphone-xr-apple-64gb-branco-4g-tela-61-retina-camera-12mp-selfie-7mp-ios12-proc-chip-a12","status":"publish","type":"product","link":"https:\/\/lojasampa.marcusviniciusdev.com.br\/index.php\/produto\/iphone-xr-apple-64gb-branco-4g-tela-61-retina-camera-12mp-selfie-7mp-ios12-proc-chip-a12\/","title":{"rendered":"iPhone XR Apple 64GB  Branco 4G Tela 6,1\u201d  Retina &#8211; C\u00e2mera 12MP +  Selfie 7MP iOS12 Proc.  Chip A12"},"content":{"rendered":"<p>O iPhone XR da Apple brilha em tudo.Na<br \/>\ncor branca, tem 64GB de armazenamento<br \/>\ninterno, tecnologia 3G\/4G, tela de 6,1&#8243;<br \/>\nRetina, a tela LCD mais avan\u00e7ada da<br \/>\nind\u00fastria, c\u00e2mera de 12MP e Selfie<br \/>\n7MP.Tem tamb\u00e9m sistema operacional<br \/>\niOS12, processador A12 Bionic chip e<br \/>\nrecursos como: Face ID, ainda mais r\u00e1pido,<br \/>\nbar\u00f4metro, girosc\u00f3pio de tr\u00eas eixos,<br \/>\naceler\u00f4metro, sensor de proximidade e<br \/>\nsensor de luz ambiente.<\/p>\n","protected":false},"excerpt":{"rendered":"<p>Na cor branca, tem 64GB de armazenamento<br \/>\ninterno, tecnologia 3G\/4G, tela de 6,1&#8243;<br \/>\nRetina, a tela LCD mais avan\u00e7ada da<br \/>\nind\u00fastria, c\u00e2mera de 12MP e Selfie<br \/>\n7MP.Tem tamb\u00e9m sistema operacional<br \/>\niOS12, processador A12 Bionic chip<\/p>\n","protected":false},"featured_media":47,"comment_status":"open","ping_status":"closed","template":"","meta":[],"product_cat":[20],"product_tag":[61,53,60,59,54,55,62],"_links":{"self":[{"href":"https:\/\/lojasampa.marcusviniciusdev.com.br\/index.php\/wp-json\/wp\/v2\/product\/113"}],"collection":[{"href":"https:\/\/lojasampa.marcusviniciusdev.com.br\/index.php\/wp-json\/wp\/v2\/product"}],"about":[{"href":"https:\/\/lojasampa.marcusviniciusdev.com.br\/index.php\/wp-json\/wp\/v2\/types\/product"}],"replies":[{"embeddable":true,"href":"https:\/\/lojasampa.marcusviniciusdev.com.br\/index.php\/wp-json\/wp\/v2\/comments?post=113"}],"wp:featuredmedia":[{"embeddable":true,"href":"https:\/\/lojasampa.marcusviniciusdev.com.br\/index.php\/wp-json\/wp\/v2\/media\/47"}],"wp:attachment":[{"href":"https:\/\/lojasampa.marcusviniciusdev.com.br\/index.php\/wp-json\/wp\/v2\/media?parent=113"}],"wp:term":[{"taxonomy":"product_cat","embeddable":true,"href":"https:\/\/lojasampa.marcusviniciusdev.com.br\/index.php\/wp-json\/wp\/v2\/product_cat?post=113"},{"taxonomy":"product_tag","embeddable":true,"href":"https:\/\/lojasampa.marcusviniciusdev.com.br\/index.php\/wp-json\/wp\/v2\/product_tag?post=113"}],"curies":[{"name":"wp","href":"https:\/\/api.w.org\/{rel}","templated":true}]}}