{"id":114,"date":"2022-12-18T19:11:17","date_gmt":"2022-12-18T22:11:17","guid":{"rendered":"https:\/\/lojasampa.marcusviniciusdev.com.br\/?post_type=product&#038;p=114"},"modified":"2022-12-18T19:11:17","modified_gmt":"2022-12-18T22:11:17","slug":"smartphone-samsung-galaxy-a10-32gb-vermelho-4g-2gb-ram-62-cam-13mp-cam-selfie-5mp","status":"publish","type":"product","link":"https:\/\/lojasampa.marcusviniciusdev.com.br\/index.php\/produto\/smartphone-samsung-galaxy-a10-32gb-vermelho-4g-2gb-ram-62-cam-13mp-cam-selfie-5mp\/","title":{"rendered":"Smartphone Samsung  Galaxy A10 32GB  Vermelho 4G &#8211; 2GB  RAM 6,2\u201d C\u00e2m. 13MP  + C\u00e2m. Selfie 5MP"},"content":{"rendered":"<p>O Samsung Galaxy A10 Vermelho ser\u00e1 o<br \/>\nseu novo Smartphone.Ele possui tela<br \/>\ninfinita de 6,2&#8243;, c\u00e2mera frontal de 5MP e<br \/>\ntraseira de 13MP com flash LED e zoom<br \/>\ndigital de at\u00e9 4x que, o torna \u00f3timo para<br \/>\ntirar fotos fant\u00e1sticas e gravar v\u00eddeos em<br \/>\nalta defini\u00e7\u00e3o com resolu\u00e7\u00e3o FHD<br \/>\n(1920&#215;1080).Dual Chip, tem tamb\u00e9m<br \/>\ntecnologia 3G\/4G que permite a<br \/>\ntransfer\u00eancia de dados e excelente<br \/>\nnavega\u00e7\u00e3o na internet, al\u00e9m de<br \/>\nconectividade Wi-Fi e GPS.Conta ainda<br \/>\ncom bateria recarreg\u00e1vel de 3400mAh,<br \/>\nprocessador Octa-Core, 2GB de RAM e<br \/>\n32GB de armazenamento interno com<br \/>\npossibilidade de expans\u00e3o at\u00e9 512GB<br \/>\natrav\u00e9s de cart\u00e3o Micro SD.Al\u00e9m de tudo<br \/>\nisso, ele oferece prote\u00e7\u00e3o personalizada<\/p>\n<p>com a tecnologia de reconhecimento facial.<br \/>\nDesbloqueie e acesse seu celular de forma<br \/>\nf\u00e1cil e segura. Basta voc\u00ea segurar o celular<br \/>\nna frente do seu rosto que ele reconhecer\u00e1<br \/>\nvoc\u00ea. Simples assim<\/p>\n","protected":false},"excerpt":{"rendered":"<p>Ele possui tela<br \/>\ninfinita de 6,2&#8243;, c\u00e2mera frontal de 5MP e<br \/>\ntraseira de 13MP com flash LED e zoom<br \/>\ndigital de at\u00e9 4x que, o torna \u00f3timo para<br \/>\ntirar fotos fant\u00e1sticas e gravar v\u00eddeos em<br \/>\nalta defini\u00e7\u00e3o com resolu\u00e7\u00e3o FHD<br \/>\n(1920&#215;1080).Dual Chip, tem tamb\u00e9m<br \/>\ntecnologia 3G\/4G<\/p>\n","protected":false},"featured_media":50,"comment_status":"open","ping_status":"closed","template":"","meta":[],"product_cat":[20],"product_tag":[64,53,63,56,59,54,55],"_links":{"self":[{"href":"https:\/\/lojasampa.marcusviniciusdev.com.br\/index.php\/wp-json\/wp\/v2\/product\/114"}],"collection":[{"href":"https:\/\/lojasampa.marcusviniciusdev.com.br\/index.php\/wp-json\/wp\/v2\/product"}],"about":[{"href":"https:\/\/lojasampa.marcusviniciusdev.com.br\/index.php\/wp-json\/wp\/v2\/types\/product"}],"replies":[{"embeddable":true,"href":"https:\/\/lojasampa.marcusviniciusdev.com.br\/index.php\/wp-json\/wp\/v2\/comments?post=114"}],"wp:featuredmedia":[{"embeddable":true,"href":"https:\/\/lojasampa.marcusviniciusdev.com.br\/index.php\/wp-json\/wp\/v2\/media\/50"}],"wp:attachment":[{"href":"https:\/\/lojasampa.marcusviniciusdev.com.br\/index.php\/wp-json\/wp\/v2\/media?parent=114"}],"wp:term":[{"taxonomy":"product_cat","embeddable":true,"href":"https:\/\/lojasampa.marcusviniciusdev.com.br\/index.php\/wp-json\/wp\/v2\/product_cat?post=114"},{"taxonomy":"product_tag","embeddable":true,"href":"https:\/\/lojasampa.marcusviniciusdev.com.br\/index.php\/wp-json\/wp\/v2\/product_tag?post=114"}],"curies":[{"name":"wp","href":"https:\/\/api.w.org\/{rel}","templated":true}]}}